{"id":9765,"date":"2016-01-03T18:05:50","date_gmt":"2016-01-03T18:05:50","guid":{"rendered":"http:\/\/www.sc-brixlegg.at\/cms\/?page_id=9765"},"modified":"2016-01-03T19:43:43","modified_gmt":"2016-01-03T19:43:43","slug":"schueler","status":"publish","type":"page","link":"http:\/\/www.sc-brixlegg.at\/cms\/?page_id=9765","title":{"rendered":"Sch\u00fcler"},"content":{"rendered":"<p>Die Sch\u00fcler sind den Trainingsbetrieb schon gewohnt und fest im Verein integriert. Es haben sich bereits seit den ersten Jahren im Verein Gruppen gebildet, die miteinander fahren wollen.<\/p>\n<p>Bei den Sch\u00fclern wird etwas mehr rennlauforientiertes Training gemacht &#8211; allerdings nicht mehr als 5 Stangentrainings im Jahr. Wettk\u00e4mpfe in der Region werden beworben. Die Teilnahme ist aber immer freiwillig.<\/p>\n<p>Es sollten unsere Sch\u00fcler m\u00f6glichst nicht mehr als 3 Rennen im Jahr fahren (wichtig ist uns die Vereinsmeisterschaft &#8211; wer will kann noch zwei lokale Rennen fahren). Die Erfahrung zeigt, dass man bei Rennen lange herumsteht und wenig Skikilometer f\u00e4hrt. Ein sch\u00f6ner Skitag bringt da unseren Sch\u00fclern meist mehr. Die Wettkampferfahrung ist aber auch ein Teil der Skiausbildung.<\/p>\n","protected":false},"excerpt":{"rendered":"<p>Die Sch\u00fcler sind den Trainingsbetrieb schon gewohnt und fest im Verein integriert. Es haben sich bereits seit den ersten Jahren im Verein Gruppen gebildet, die miteinander fahren wollen. Bei den Sch\u00fclern wird etwas mehr rennlauforientiertes Training gemacht &#8211; allerdings nicht mehr als 5 Stangentrainings im Jahr. Wettk\u00e4mpfe in der Region werden beworben. Die Teilnahme ist [&hellip;]<\/p>\n","protected":false},"author":7,"featured_media":0,"parent":0,"menu_order":0,"comment_status":"closed","ping_status":"closed","template":"","meta":{"ngg_post_thumbnail":0,"footnotes":""},"_links":{"self":[{"href":"http:\/\/www.sc-brixlegg.at\/cms\/index.php?rest_route=\/wp\/v2\/pages\/9765"}],"collection":[{"href":"http:\/\/www.sc-brixlegg.at\/cms\/index.php?rest_route=\/wp\/v2\/pages"}],"about":[{"href":"http:\/\/www.sc-brixlegg.at\/cms\/index.php?rest_route=\/wp\/v2\/types\/page"}],"author":[{"embeddable":true,"href":"http:\/\/www.sc-brixlegg.at\/cms\/index.php?rest_route=\/wp\/v2\/users\/7"}],"replies":[{"embeddable":true,"href":"http:\/\/www.sc-brixlegg.at\/cms\/index.php?rest_route=%2Fwp%2Fv2%2Fcomments&post=9765"}],"version-history":[{"count":3,"href":"http:\/\/www.sc-brixlegg.at\/cms\/index.php?rest_route=\/wp\/v2\/pages\/9765\/revisions"}],"predecessor-version":[{"id":9771,"href":"http:\/\/www.sc-brixlegg.at\/cms\/index.php?rest_route=\/wp\/v2\/pages\/9765\/revisions\/9771"}],"wp:attachment":[{"href":"http:\/\/www.sc-brixlegg.at\/cms\/index.php?rest_route=%2Fwp%2Fv2%2Fmedia&parent=9765"}],"curies":[{"name":"wp","href":"https:\/\/api.w.org\/{rel}","templated":true}]}}