{"id":9762,"date":"2016-01-03T17:59:13","date_gmt":"2016-01-03T17:59:13","guid":{"rendered":"http:\/\/www.sc-brixlegg.at\/cms\/?page_id=9762"},"modified":"2019-02-13T20:43:14","modified_gmt":"2019-02-13T20:43:14","slug":"kinder","status":"publish","type":"page","link":"http:\/\/www.sc-brixlegg.at\/cms\/?page_id=9762","title":{"rendered":"Kinder"},"content":{"rendered":"<p>In unserem Verein werden Kinder in den aktiven Trainingsbetrieb ab Eintritt in die ersten Klasse Volksschule \u00fcbernommen. Schon im Herbst k\u00f6nnen sie am Trockentraining in der Halle teilnehmen.<\/p>\n<p>Meist ist dann kurz nach Weihnachten f\u00fcr die Neumitglieder das Einfahren und die Einstufung f\u00fcr den regul\u00e4ren Trainingsbetrieb. Bei dieser Veranstaltung wird \u00fcberpr\u00fcft ob die Kinder sicher mit den Liften (Schlepp und Sessellift) fahren k\u00f6nnen und ob sie den anderen Kindern auch \u00fcber die schwarzen Pisten sicher und ohne Probleme folgen k\u00f6nnen. Sicherheit steht an erster Stelle und wir wollen die Kleinsten nicht gleich \u00fcberfordern. Deshalb haben wir an dem Tag Kleinstgruppen.<\/p>\n<p>Es wird auch absichtlich ein wenig ein Ritual daraus gemacht, damit den Kindern klar wird, dass sie ab dem Zeitpunkt bei uns auch wirklich dabei sind. Bei der Gelegenheit lernen sie die Trainer kennen und wenn m\u00f6glich gibt es ein Skiclubleibchen oder \u00e4hnliches vom Verein, damit sich die Kinder gleich richtig zugeh\u00f6rig f\u00fchlen und etwas vom Skiclub daheim haben, das sie angreifen k\u00f6nnen.<\/p>\n<p>Nach Bestehen dieses &#8222;Aufnahmerituals&#8220; geht es in den regul\u00e4ren Trainingsbetrieb, der f\u00fcr unsere Kinder im Winter jeden Samstag ein Schneetraining vorsieht.<\/p>\n<p>Eher zum Schluss der Saison gibt es dann f\u00fcr alle Kinder das Vereinsrennen und den Abschlussevent, bei dem irgendwo im Gel\u00e4nde gegrillt wird.<\/p>\n<p>Den Kindern werden die Grundtechniken vor allem auf der Piste und im Gel\u00e4nde solide gelernt.&nbsp; Generell gilt f\u00fcr uns in dem Alter bez\u00fcglich rennlauforientiertem Stangentraining, dass wir das mit den Kindern nicht \u00f6fter als 3 mal im Jahr machen und auch Rennen werden nicht aktiv beworben. Es werden allerdings Stumpies, Kurzstangen, etc. verwendet um nach trainingswissenschaftlich modernen Methoden die Grundtechniken zu vermitteln und zu vertiefen.<\/p>\n","protected":false},"excerpt":{"rendered":"<p>In unserem Verein werden Kinder in den aktiven Trainingsbetrieb ab Eintritt in die ersten Klasse Volksschule \u00fcbernommen. Schon im Herbst k\u00f6nnen sie am Trockentraining in der Halle teilnehmen. Meist ist dann kurz nach Weihnachten f\u00fcr die Neumitglieder das Einfahren und die Einstufung f\u00fcr den regul\u00e4ren Trainingsbetrieb. Bei dieser Veranstaltung wird \u00fcberpr\u00fcft ob die Kinder sicher [&hellip;]<\/p>\n","protected":false},"author":7,"featured_media":0,"parent":0,"menu_order":0,"comment_status":"closed","ping_status":"closed","template":"","meta":{"ngg_post_thumbnail":0,"footnotes":""},"_links":{"self":[{"href":"http:\/\/www.sc-brixlegg.at\/cms\/index.php?rest_route=\/wp\/v2\/pages\/9762"}],"collection":[{"href":"http:\/\/www.sc-brixlegg.at\/cms\/index.php?rest_route=\/wp\/v2\/pages"}],"about":[{"href":"http:\/\/www.sc-brixlegg.at\/cms\/index.php?rest_route=\/wp\/v2\/types\/page"}],"author":[{"embeddable":true,"href":"http:\/\/www.sc-brixlegg.at\/cms\/index.php?rest_route=\/wp\/v2\/users\/7"}],"replies":[{"embeddable":true,"href":"http:\/\/www.sc-brixlegg.at\/cms\/index.php?rest_route=%2Fwp%2Fv2%2Fcomments&post=9762"}],"version-history":[{"count":6,"href":"http:\/\/www.sc-brixlegg.at\/cms\/index.php?rest_route=\/wp\/v2\/pages\/9762\/revisions"}],"predecessor-version":[{"id":15825,"href":"http:\/\/www.sc-brixlegg.at\/cms\/index.php?rest_route=\/wp\/v2\/pages\/9762\/revisions\/15825"}],"wp:attachment":[{"href":"http:\/\/www.sc-brixlegg.at\/cms\/index.php?rest_route=%2Fwp%2Fv2%2Fmedia&parent=9762"}],"curies":[{"name":"wp","href":"https:\/\/api.w.org\/{rel}","templated":true}]}}