{"id":9752,"date":"2016-01-03T16:09:44","date_gmt":"2016-01-03T16:09:44","guid":{"rendered":"http:\/\/www.sc-brixlegg.at\/cms\/?page_id=9752"},"modified":"2016-01-04T11:40:50","modified_gmt":"2016-01-04T11:40:50","slug":"jugend","status":"publish","type":"page","link":"http:\/\/www.sc-brixlegg.at\/cms\/?page_id=9752","title":{"rendered":"Jugend"},"content":{"rendered":"<p>Die Jugendarbeit ist ein wesentlicher Punkt in unserem Vereinsleben.<\/p>\n<p>Junge Leute zum Skifahren zu bringen ist in der heutigen Zeit nicht mehr selbverst\u00e4ndlich. Wir bem\u00fchen uns m\u00f6gliche H\u00fcrden abzubauen, damit Brixlegger Kinder wieder auf die Piste kommen. Wir arbeiten mit den Schulen und \u00f6rtlichen Sponsoren zusammen. Daraus ergeben sich neue M\u00f6glichkeiten, die die Kinder ohne den Verein nicht h\u00e4tten.<\/p>\n<p>Besonders herauszuheben ist aber unser Team aus erfahrenen und gut ausgebildetes Trainern, das alle Trainingsstunden ehrenamtlich macht.<\/p>\n<p>Im <a href=\"http:\/\/www.sc-brixlegg.at\/cms\/?page_id=9762\">Kinder<\/a> und <a href=\"http:\/\/www.sc-brixlegg.at\/cms\/?page_id=9765\">Sch\u00fclerbereich<\/a> setzen wir auf regelm\u00e4\u00dfiges Basis und Aufbautraining.<\/p>\n<p>F\u00fcr unsere Junioren haben wir einen ganz eigenen Platz und ein eigenes Programm in unserem Verein um diese auch langfristig auf den Skiern zu halten. Siehe dazu den Punkt <a href=\"http:\/\/www.sc-brixlegg.at\/cms\/?page_id=9756\">Juniorenkonzept<\/a>.<\/p>\n","protected":false},"excerpt":{"rendered":"<p>Die Jugendarbeit ist ein wesentlicher Punkt in unserem Vereinsleben. Junge Leute zum Skifahren zu bringen ist in der heutigen Zeit nicht mehr selbverst\u00e4ndlich. Wir bem\u00fchen uns m\u00f6gliche H\u00fcrden abzubauen, damit Brixlegger Kinder wieder auf die Piste kommen. Wir arbeiten mit den Schulen und \u00f6rtlichen Sponsoren zusammen. Daraus ergeben sich neue M\u00f6glichkeiten, die die Kinder ohne [&hellip;]<\/p>\n","protected":false},"author":7,"featured_media":0,"parent":0,"menu_order":0,"comment_status":"closed","ping_status":"closed","template":"","meta":{"ngg_post_thumbnail":0,"footnotes":""},"_links":{"self":[{"href":"http:\/\/www.sc-brixlegg.at\/cms\/index.php?rest_route=\/wp\/v2\/pages\/9752"}],"collection":[{"href":"http:\/\/www.sc-brixlegg.at\/cms\/index.php?rest_route=\/wp\/v2\/pages"}],"about":[{"href":"http:\/\/www.sc-brixlegg.at\/cms\/index.php?rest_route=\/wp\/v2\/types\/page"}],"author":[{"embeddable":true,"href":"http:\/\/www.sc-brixlegg.at\/cms\/index.php?rest_route=\/wp\/v2\/users\/7"}],"replies":[{"embeddable":true,"href":"http:\/\/www.sc-brixlegg.at\/cms\/index.php?rest_route=%2Fwp%2Fv2%2Fcomments&post=9752"}],"version-history":[{"count":4,"href":"http:\/\/www.sc-brixlegg.at\/cms\/index.php?rest_route=\/wp\/v2\/pages\/9752\/revisions"}],"predecessor-version":[{"id":9776,"href":"http:\/\/www.sc-brixlegg.at\/cms\/index.php?rest_route=\/wp\/v2\/pages\/9752\/revisions\/9776"}],"wp:attachment":[{"href":"http:\/\/www.sc-brixlegg.at\/cms\/index.php?rest_route=%2Fwp%2Fv2%2Fmedia&parent=9752"}],"curies":[{"name":"wp","href":"https:\/\/api.w.org\/{rel}","templated":true}]}}