{"id":89,"date":"2015-01-15T12:56:02","date_gmt":"2015-01-15T12:56:02","guid":{"rendered":"http:\/\/www.sc-brixlegg.at\/cms\/?page_id=89"},"modified":"2018-12-30T10:22:23","modified_gmt":"2018-12-30T10:22:23","slug":"wilkommen-auf-der-neuen-homepage","status":"publish","type":"page","link":"http:\/\/www.sc-brixlegg.at\/cms\/","title":{"rendered":"Wilkommen auf unserer Homepage!"},"content":{"rendered":"<p>Wir wollen den <strong>Spa\u00df am Schifahren gemeinsam erleben<\/strong> und gute Schifahrer ausbilden, die sich auch ins freie Gel\u00e4nde wagen. Uns geht es nicht in erster Linie um Rennfahrer, sondern um die Vermittlung von Freude an dieser Sportart.<\/p>\n<p>Die Eltern sind eingebunden, es gibt immer wieder Veranstaltungen f\u00fcr die ganze Familie. Dadurch wird der Zusammenhalt gest\u00e4rkt und neue Freundschaften werden gekn\u00fcpft.<\/p>\n<p><a href=\"http:\/\/www.sc-brixlegg.at\/cms\/wp-content\/gallery\/training-29-12-2018\/DSCN4823.JPG\"><img loading=\"lazy\" decoding=\"async\" class=\"ngg-singlepic ngg-center alignnone\" src=\"http:\/\/www.sc-brixlegg.at\/cms\/wp-content\/gallery\/training-29-12-2018\/DSCN4823.JPG\" alt=\"DSCN4823\" width=\"1920\" height=\"1439\"><\/a><\/p>\n","protected":false},"excerpt":{"rendered":"<p>Wir wollen den Spa\u00df am Schifahren gemeinsam erleben und gute Schifahrer ausbilden, die sich auch ins freie Gel\u00e4nde wagen. Uns geht es nicht in erster Linie um Rennfahrer, sondern um die Vermittlung von Freude an dieser Sportart. Die Eltern sind eingebunden, es gibt immer wieder Veranstaltungen f\u00fcr die ganze Familie. Dadurch wird der Zusammenhalt gest\u00e4rkt [&hellip;]<\/p>\n","protected":false},"author":1,"featured_media":0,"parent":0,"menu_order":0,"comment_status":"open","ping_status":"closed","template":"","meta":{"ngg_post_thumbnail":0,"footnotes":""},"_links":{"self":[{"href":"http:\/\/www.sc-brixlegg.at\/cms\/index.php?rest_route=\/wp\/v2\/pages\/89"}],"collection":[{"href":"http:\/\/www.sc-brixlegg.at\/cms\/index.php?rest_route=\/wp\/v2\/pages"}],"about":[{"href":"http:\/\/www.sc-brixlegg.at\/cms\/index.php?rest_route=\/wp\/v2\/types\/page"}],"author":[{"embeddable":true,"href":"http:\/\/www.sc-brixlegg.at\/cms\/index.php?rest_route=\/wp\/v2\/users\/1"}],"replies":[{"embeddable":true,"href":"http:\/\/www.sc-brixlegg.at\/cms\/index.php?rest_route=%2Fwp%2Fv2%2Fcomments&post=89"}],"version-history":[{"count":9,"href":"http:\/\/www.sc-brixlegg.at\/cms\/index.php?rest_route=\/wp\/v2\/pages\/89\/revisions"}],"predecessor-version":[{"id":15684,"href":"http:\/\/www.sc-brixlegg.at\/cms\/index.php?rest_route=\/wp\/v2\/pages\/89\/revisions\/15684"}],"wp:attachment":[{"href":"http:\/\/www.sc-brixlegg.at\/cms\/index.php?rest_route=%2Fwp%2Fv2%2Fmedia&parent=89"}],"curies":[{"name":"wp","href":"https:\/\/api.w.org\/{rel}","templated":true}]}}