{"id":70,"date":"2015-01-15T12:20:44","date_gmt":"2015-01-15T12:20:44","guid":{"rendered":"http:\/\/www.sc-brixlegg.at\/cms\/?page_id=70"},"modified":"2016-01-02T16:31:05","modified_gmt":"2016-01-02T16:31:05","slug":"test","status":"publish","type":"page","link":"http:\/\/www.sc-brixlegg.at\/cms\/?page_id=70","title":{"rendered":"Der Brixlegger Skiclub&#8230;"},"content":{"rendered":"<article class=\"item-page\">\n<h2><\/h2>\n<p>W\u00e4chst derzeit zu neuer Bl\u00fcte. Das neue Konzept tr\u00e4gt Fr\u00fcchte. Neue Rekorde beim Mitgliederstand und bei der Anzahl der gepr\u00fcften Trainer (9) zeigen den Erfolg des eingeschlagenen Weges.<\/p>\n<\/article>\n","protected":false},"excerpt":{"rendered":"<p>W\u00e4chst derzeit zu neuer Bl\u00fcte. Das neue Konzept tr\u00e4gt Fr\u00fcchte. Neue Rekorde beim Mitgliederstand und bei der Anzahl der gepr\u00fcften Trainer (9) zeigen den Erfolg des eingeschlagenen Weges.<\/p>\n","protected":false},"author":1,"featured_media":0,"parent":2,"menu_order":1,"comment_status":"open","ping_status":"open","template":"","meta":{"ngg_post_thumbnail":0,"footnotes":""},"_links":{"self":[{"href":"http:\/\/www.sc-brixlegg.at\/cms\/index.php?rest_route=\/wp\/v2\/pages\/70"}],"collection":[{"href":"http:\/\/www.sc-brixlegg.at\/cms\/index.php?rest_route=\/wp\/v2\/pages"}],"about":[{"href":"http:\/\/www.sc-brixlegg.at\/cms\/index.php?rest_route=\/wp\/v2\/types\/page"}],"author":[{"embeddable":true,"href":"http:\/\/www.sc-brixlegg.at\/cms\/index.php?rest_route=\/wp\/v2\/users\/1"}],"replies":[{"embeddable":true,"href":"http:\/\/www.sc-brixlegg.at\/cms\/index.php?rest_route=%2Fwp%2Fv2%2Fcomments&post=70"}],"version-history":[{"count":6,"href":"http:\/\/www.sc-brixlegg.at\/cms\/index.php?rest_route=\/wp\/v2\/pages\/70\/revisions"}],"predecessor-version":[{"id":9751,"href":"http:\/\/www.sc-brixlegg.at\/cms\/index.php?rest_route=\/wp\/v2\/pages\/70\/revisions\/9751"}],"up":[{"embeddable":true,"href":"http:\/\/www.sc-brixlegg.at\/cms\/index.php?rest_route=\/wp\/v2\/pages\/2"}],"wp:attachment":[{"href":"http:\/\/www.sc-brixlegg.at\/cms\/index.php?rest_route=%2Fwp%2Fv2%2Fmedia&parent=70"}],"curies":[{"name":"wp","href":"https:\/\/api.w.org\/{rel}","templated":true}]}}