{"id":174,"date":"2015-01-15T20:46:29","date_gmt":"2015-01-15T20:46:29","guid":{"rendered":"http:\/\/www.sc-brixlegg.at\/cms\/?page_id=174"},"modified":"2015-02-14T10:36:21","modified_gmt":"2015-02-14T10:36:21","slug":"chronik","status":"publish","type":"page","link":"http:\/\/www.sc-brixlegg.at\/cms\/?page_id=174","title":{"rendered":"Chronik"},"content":{"rendered":"<p><span style=\"font-size: large;\">Der Verein wurde mit Bescheid der Sicherheitsdirektion Innsbruck am <b>21.04.1947<\/b> gegr\u00fcndet!<\/span><\/p>\n<p><a href=\"http:\/\/www.sc-brixlegg.at\/cms\/wp-content\/uploads\/2015\/01\/Schiclub-BH.Meldung-Nov-1958.pdf\" target=\"_blank\"><span style=\"font-size: large;\">Die 1. Vorstandmeldung, die der Bezirkshauptmannschaft Beh\u00f6rde vorl\u00edegt stammt vom 30.11.1958.<\/span><\/a><\/p>\n<div class=\"ead-preview\"><div class=\"ead-document\" style=\"position: relative;\"><div class=\"ead-iframe-wrapper\"><iframe src=\"\/\/docs.google.com\/viewer?url=http%3A%2F%2Fwww.sc-brixlegg.at%2Fcms%2Fwp-content%2Fuploads%2F2015%2F01%2FSchiclub-BH.Meldung-Nov-1958.pdf&amp;embedded=true&amp;hl=en\" title=\"Eingebettetes Dokument\" class=\"ead-iframe\" style=\"width: 100%;height: 500px;border: none;visibility: hidden;\"><\/iframe><\/div>\t\t\t<div class=\"ead-document-loading\" style=\"width:100%;height:100%;position:absolute;left:0;top:0;z-index:10;\">\n\t\t\t\t<div class=\"ead-loading-wrap\">\n\t\t\t\t\t<div class=\"ead-loading-main\">\n\t\t\t\t\t\t<div class=\"ead-loading\">\n\t\t\t\t\t\t\t<img loading=\"lazy\" decoding=\"async\" src=\"http:\/\/www.sc-brixlegg.at\/cms\/wp-content\/plugins\/embed-any-document\/images\/loading.svg\" width=\"55\" height=\"55\" alt=\"Loader\">\n\t\t\t\t\t\t\t<span>Wird geladen\u00a0\u2026<\/span>\n\t\t\t\t\t\t<\/div>\n\t\t\t\t\t<\/div>\n\t\t\t\t\t<div class=\"ead-loading-foot\">\n\t\t\t\t\t\t<div class=\"ead-loading-foot-title\">\n\t\t\t\t\t\t\t<img loading=\"lazy\" decoding=\"async\" src=\"http:\/\/www.sc-brixlegg.at\/cms\/wp-content\/plugins\/embed-any-document\/images\/EAD-logo.svg\" alt=\"EAD-Logo\" width=\"36\" height=\"23\"\/>\n\t\t\t\t\t\t\t<span>Es dauert zu lange?<\/span>\n\t\t\t\t\t\t<\/div>\n\t\t\t\t\t\t<p>\n\t\t\t\t\t\t\t<div class=\"ead-document-btn ead-reload-btn\" role=\"button\">\n\t\t\t\t\t\t\t\t<img loading=\"lazy\" decoding=\"async\" src=\"http:\/\/www.sc-brixlegg.at\/cms\/wp-content\/plugins\/embed-any-document\/images\/reload.svg\" alt=\"Neu laden\" width=\"12\" height=\"12\"\/> Dokument neu laden\t\t\t\t\t\t\t<\/div>\n\t\t\t\t\t\t\t<span>|<\/span>\n\t\t\t\t\t\t\t<a href=\"http:\/\/www.sc-brixlegg.at\/cms\/wp-content\/uploads\/2015\/01\/Schiclub-BH.Meldung-Nov-1958.pdf\" class=\"ead-document-btn\" target=\"_blank\">\n\t\t\t\t\t\t\t\t<img loading=\"lazy\" decoding=\"async\" src=\"http:\/\/www.sc-brixlegg.at\/cms\/wp-content\/plugins\/embed-any-document\/images\/open.svg\" alt=\"\u00d6ffnen\" width=\"12\" height=\"12\"\/> In neuem Tab \u00f6ffnen\t\t\t\t\t\t\t<\/a>\n\t\t\t\t\t<\/div>\n\t\t\t\t<\/div>\n\t\t\t<\/div>\n\t\t<\/div><p class=\"embed_download\"><a href=\"http:\/\/www.sc-brixlegg.at\/cms\/wp-content\/uploads\/2015\/01\/Schiclub-BH.Meldung-Nov-1958.pdf\" download >Download [1.24 MB] <\/a><\/p><\/div>\n","protected":false},"excerpt":{"rendered":"<p>Der Verein wurde mit Bescheid der Sicherheitsdirektion Innsbruck am 21.04.1947 gegr\u00fcndet! Die 1. Vorstandmeldung, die der Bezirkshauptmannschaft Beh\u00f6rde vorl\u00edegt stammt vom 30.11.1958.<\/p>\n","protected":false},"author":2,"featured_media":0,"parent":0,"menu_order":0,"comment_status":"open","ping_status":"open","template":"","meta":{"ngg_post_thumbnail":0,"footnotes":""},"_links":{"self":[{"href":"http:\/\/www.sc-brixlegg.at\/cms\/index.php?rest_route=\/wp\/v2\/pages\/174"}],"collection":[{"href":"http:\/\/www.sc-brixlegg.at\/cms\/index.php?rest_route=\/wp\/v2\/pages"}],"about":[{"href":"http:\/\/www.sc-brixlegg.at\/cms\/index.php?rest_route=\/wp\/v2\/types\/page"}],"author":[{"embeddable":true,"href":"http:\/\/www.sc-brixlegg.at\/cms\/index.php?rest_route=\/wp\/v2\/users\/2"}],"replies":[{"embeddable":true,"href":"http:\/\/www.sc-brixlegg.at\/cms\/index.php?rest_route=%2Fwp%2Fv2%2Fcomments&post=174"}],"version-history":[{"count":6,"href":"http:\/\/www.sc-brixlegg.at\/cms\/index.php?rest_route=\/wp\/v2\/pages\/174\/revisions"}],"predecessor-version":[{"id":7331,"href":"http:\/\/www.sc-brixlegg.at\/cms\/index.php?rest_route=\/wp\/v2\/pages\/174\/revisions\/7331"}],"wp:attachment":[{"href":"http:\/\/www.sc-brixlegg.at\/cms\/index.php?rest_route=%2Fwp%2Fv2%2Fmedia&parent=174"}],"curies":[{"name":"wp","href":"https:\/\/api.w.org\/{rel}","templated":true}]}}